{"id":68,"date":"2026-04-13T07:15:14","date_gmt":"2026-04-13T07:15:14","guid":{"rendered":"https:\/\/sysinn.net\/adhdstaging\/?page_id=68"},"modified":"2026-04-17T10:07:18","modified_gmt":"2026-04-17T10:07:18","slug":"leger-og-helsepersonell","status":"publish","type":"page","link":"https:\/\/psykiater.no\/adhd\/leger-og-helsepersonell\/","title":{"rendered":"Leger og helsepersonell"},"content":{"rendered":"\t\t<div data-elementor-type=\"wp-page\" data-elementor-id=\"68\" class=\"elementor elementor-68\" data-elementor-post-type=\"page\">\n\t\t\t\t<div class=\"elementor-element elementor-element-cc3ef14 slider-item e-flex e-con-boxed e-con e-parent\" data-id=\"cc3ef14\" data-element_type=\"container\" data-e-type=\"container\" data-settings=\"{&quot;background_background&quot;:&quot;classic&quot;}\">\n\t\t\t\t\t<div class=\"e-con-inner\">\n\t\t<div class=\"elementor-element elementor-element-03863e8 e-con-full e-flex e-con e-child\" data-id=\"03863e8\" data-element_type=\"container\" data-e-type=\"container\">\n\t\t\t\t<div class=\"elementor-element elementor-element-f9b7008 elementor-widget elementor-widget-heading\" data-id=\"f9b7008\" data-element_type=\"widget\" data-e-type=\"widget\" data-widget_type=\"heading.default\">\n\t\t\t\t\t<h1 class=\"elementor-heading-title elementor-size-default\">ADHD for helsepersonell<\/h1>\t\t\t\t<\/div>\n\t\t\t\t<div class=\"elementor-element elementor-element-5ec6993 elementor-widget elementor-widget-text-editor\" data-id=\"5ec6993\" data-element_type=\"widget\" data-e-type=\"widget\" data-widget_type=\"text-editor.default\">\n\t\t\t\t\t\t\t\t\t<p>Hos psykiater.no utf\u00f8rer psykisk helsepersonell detaljerte vurderinger for diagnosen ADHD. Vurderingen starter med screeningintervjuet. Form\u00e5let med intervjuet er \u00e5 finne ut om en person har ADHD eller ikke. Hvis resultatet viser at utfordringene ikke skyldes ADHD, g\u00e5r v\u00e5re fagfolk videre med en annen strategi. Vurderingen inneb\u00e6rer \u00e5 skape et godt forhold til klienten. Videre inkluderer den ogs\u00e5 \u00e5 sette m\u00e5l og planer for \u00e5 n\u00e5 disse m\u00e5lene. Helsepersonell inkluderer leger, l\u00e6rere og psykisk helsepersonell.<\/p>\t\t\t\t\t\t\t\t<\/div>\n\t\t<div class=\"elementor-element elementor-element-1061df2 e-con-full e-flex e-con e-child\" data-id=\"1061df2\" data-element_type=\"container\" data-e-type=\"container\">\n\t\t<div class=\"elementor-element elementor-element-a75841c e-con-full e-flex e-con e-child\" data-id=\"a75841c\" data-element_type=\"container\" data-e-type=\"container\">\n\t\t\t\t<div class=\"elementor-element elementor-element-f6fd7ac elementor-align-justify elementor-mobile-align-justify elementor-widget elementor-widget-button\" data-id=\"f6fd7ac\" data-element_type=\"widget\" data-e-type=\"widget\" data-widget_type=\"button.default\">\n\t\t\t\t\t\t\t\t\t\t<a class=\"elementor-button elementor-button-link elementor-size-sm\" href=\"https:\/\/psykiater.no\/bestilltime\/\" target=\"_blank\">\n\t\t\t\t\t\t<span class=\"elementor-button-content-wrapper\">\n\t\t\t\t\t\t\t\t\t<span class=\"elementor-button-text\">Oppm\u00f8te I Oslo &amp; Ski<\/span>\n\t\t\t\t\t<\/span>\n\t\t\t\t\t<\/a>\n\t\t\t\t\t\t\t\t<\/div>\n\t\t\t\t<div class=\"elementor-element elementor-element-bfab055 elementor-align-justify elementor-widget elementor-widget-button\" data-id=\"bfab055\" data-element_type=\"widget\" data-e-type=\"widget\" data-widget_type=\"button.default\">\n\t\t\t\t\t\t\t\t\t\t<a class=\"elementor-button elementor-button-link elementor-size-sm\" href=\"https:\/\/psykiater.no\/bestilltime\/\" target=\"_blank\">\n\t\t\t\t\t\t<span class=\"elementor-button-content-wrapper\">\n\t\t\t\t\t\t\t\t\t<span class=\"elementor-button-text\">Videokonsultasjon<\/span>\n\t\t\t\t\t<\/span>\n\t\t\t\t\t<\/a>\n\t\t\t\t\t\t\t\t<\/div>\n\t\t\t\t<\/div>\n\t\t\t\t<\/div>\n\t\t\t\t<\/div>\n\t\t<div class=\"elementor-element elementor-element-f776d29 e-con-full e-flex e-con e-child\" data-id=\"f776d29\" data-element_type=\"container\" data-e-type=\"container\">\n\t\t\t\t<div class=\"elementor-element elementor-element-20c6925 elementor-widget elementor-widget-image\" data-id=\"20c6925\" data-element_type=\"widget\" data-e-type=\"widget\" loading=\"\" data-widget_type=\"image.default\">\n\t\t\t\t\t\t\t\t\t\t\t\t\t\t\t<img fetchpriority=\"high\" decoding=\"async\" width=\"1408\" height=\"768\" src=\"https:\/\/psykiater.no\/adhd\/wp-content\/uploads\/2026\/04\/ADHD-for-helsepersonell.webp\" class=\"attachment-full size-full wp-image-1165\" alt=\"ADHD for helsepersonell\" srcset=\"https:\/\/psykiater.no\/adhd\/wp-content\/uploads\/2026\/04\/ADHD-for-helsepersonell.webp 1408w, https:\/\/psykiater.no\/adhd\/wp-content\/uploads\/2026\/04\/ADHD-for-helsepersonell-300x164.webp 300w, https:\/\/psykiater.no\/adhd\/wp-content\/uploads\/2026\/04\/ADHD-for-helsepersonell-1024x559.webp 1024w, https:\/\/psykiater.no\/adhd\/wp-content\/uploads\/2026\/04\/ADHD-for-helsepersonell-768x419.webp 768w\" sizes=\"(max-width: 1408px) 100vw, 1408px\" \/>\t\t\t\t\t\t\t\t\t\t\t\t\t\t\t<\/div>\n\t\t\t\t<\/div>\n\t\t\t\t\t<\/div>\n\t\t\t\t<\/div>\n\t\t<div class=\"elementor-element elementor-element-de52296 e-flex e-con-boxed e-con e-parent\" data-id=\"de52296\" data-element_type=\"container\" data-e-type=\"container\">\n\t\t\t\t\t<div class=\"e-con-inner\">\n\t\t<div class=\"elementor-element elementor-element-10fc171 e-con-full e-flex e-con e-child\" data-id=\"10fc171\" data-element_type=\"container\" data-e-type=\"container\">\n\t\t<div class=\"elementor-element elementor-element-714b738 e-con-full e-flex e-con e-child\" data-id=\"714b738\" data-element_type=\"container\" data-e-type=\"container\">\n\t\t\t\t<div class=\"elementor-element elementor-element-6656ebf elementor-widget elementor-widget-heading\" data-id=\"6656ebf\" data-element_type=\"widget\" data-e-type=\"widget\" data-widget_type=\"heading.default\">\n\t\t\t\t\t<h2 class=\"elementor-heading-title elementor-size-default\">Diagnostiske verkt\u00f8y og kriterier<\/h2>\t\t\t\t<\/div>\n\t\t\t\t<div class=\"elementor-element elementor-element-2f13ab9 elementor-widget elementor-widget-text-editor\" data-id=\"2f13ab9\" data-element_type=\"widget\" data-e-type=\"widget\" data-widget_type=\"text-editor.default\">\n\t\t\t\t\t\t\t\t\t<p style=\"text-align: left;\">ADHD-diagnosen f\u00f8lger kriterier fra DSM-5-TR eller ICD-11. Den krever vedvarende symptomer p\u00e5 uoppmerksomhet og\/eller hyperaktivitet-impulsivitet med debut i barndommen og svekkelse i flere settinger. Vurderingen er klinisk, basert p\u00e5 detaljert sykehistorie, tilleggsrapporter og funksjonell p\u00e5virkning. Vurderingsskalaer (f.eks. Conners, Vanderbilt, ASRS) st\u00f8tter, men bekrefter ikke diagnosen. Klinikere m\u00e5 utelukke differensialdiagnoser og vurdere komorbiditeter.<\/p>\t\t\t\t\t\t\t\t<\/div>\n\t\t\t\t<\/div>\n\t\t<div class=\"elementor-element elementor-element-136b48d e-con-full e-flex e-con e-child\" data-id=\"136b48d\" data-element_type=\"container\" data-e-type=\"container\" data-settings=\"{&quot;background_background&quot;:&quot;classic&quot;}\">\n\t\t\t\t<\/div>\n\t\t\t\t<\/div>\n\t\t<div class=\"elementor-element elementor-element-09340c3 e-con-full e-flex e-con e-child\" data-id=\"09340c3\" data-element_type=\"container\" data-e-type=\"container\">\n\t\t<div class=\"elementor-element elementor-element-36c8e28 e-con-full e-flex e-con e-child\" data-id=\"36c8e28\" data-element_type=\"container\" data-e-type=\"container\">\n\t\t\t\t<div class=\"elementor-element elementor-element-fcc0fe6 elementor-widget elementor-widget-heading\" data-id=\"fcc0fe6\" data-element_type=\"widget\" data-e-type=\"widget\" data-widget_type=\"heading.default\">\n\t\t\t\t\t<h2 class=\"elementor-heading-title elementor-size-default\">Anbefalinger for behandling\n<\/h2>\t\t\t\t<\/div>\n\t\t\t\t<div class=\"elementor-element elementor-element-ba85102 elementor-widget elementor-widget-text-editor\" data-id=\"ba85102\" data-element_type=\"widget\" data-e-type=\"widget\" data-widget_type=\"text-editor.default\">\n\t\t\t\t\t\t\t\t\t<p style=\"text-align: left;\">ADHD behandling er multimodal. Den kombinerer farmakologiske og ikke-farmakologiske tiln\u00e6rminger. F\u00f8rstelinjemedisiner inkluderer sentralstimulerende og ikke-stimulerende midler. Atferdsterapi, spesielt foreldreoppl\u00e6ring og kognitiv atferdsterapi (CBT), er viktig, spesielt hos barn. Tilrettelegging for utdanning og arbeidsplass forbedrer funksjon p\u00e5 tvers av milj\u00f8er. Behandlingen b\u00f8r individualiseres med regelmessig overv\u00e5king av effekt, bivirkninger og komorbiditeter.<\/p>\t\t\t\t\t\t\t\t<\/div>\n\t\t\t\t<\/div>\n\t\t<div class=\"elementor-element elementor-element-574526b e-con-full e-flex e-con e-child\" data-id=\"574526b\" data-element_type=\"container\" data-e-type=\"container\" data-settings=\"{&quot;background_background&quot;:&quot;classic&quot;}\">\n\t\t\t\t<\/div>\n\t\t\t\t<\/div>\n\t\t<div class=\"elementor-element elementor-element-405ffb2 e-con-full e-flex e-con e-child\" data-id=\"405ffb2\" data-element_type=\"container\" data-e-type=\"container\">\n\t\t<div class=\"elementor-element elementor-element-72e27ae e-con-full e-flex e-con e-child\" data-id=\"72e27ae\" data-element_type=\"container\" data-e-type=\"container\">\n\t\t\t\t<div class=\"elementor-element elementor-element-ac31aef elementor-widget elementor-widget-heading\" data-id=\"ac31aef\" data-element_type=\"widget\" data-e-type=\"widget\" data-widget_type=\"heading.default\">\n\t\t\t\t\t<h2 class=\"elementor-heading-title elementor-size-default\">ADHD og eksisterende lidelser<\/h2>\t\t\t\t<\/div>\n\t\t\t\t<div class=\"elementor-element elementor-element-6814846 elementor-widget elementor-widget-text-editor\" data-id=\"6814846\" data-element_type=\"widget\" data-e-type=\"widget\" data-widget_type=\"text-editor.default\">\n\t\t\t\t\t\t\t\t\t<p style=\"text-align: left;\">ADHD forekommer ofte samtidig med andre tilstander som kalles komorbide lidelser. Vanlige komorbiditeter inkluderer angstlidelser, depresjon, opposisjonell trassforstyrrelse og l\u00e6revansker. Disse overlappende tilstandene kan komplisere diagnose og behandling. Effektiv h\u00e5ndtering av ADHD krever vanligvis at b\u00e5de ADHD og dens komorbide lidelser behandles sammen.<\/p>\t\t\t\t\t\t\t\t<\/div>\n\t\t\t\t<\/div>\n\t\t<div class=\"elementor-element elementor-element-6a4d646 e-con-full e-flex e-con e-child\" data-id=\"6a4d646\" data-element_type=\"container\" data-e-type=\"container\" data-settings=\"{&quot;background_background&quot;:&quot;classic&quot;}\">\n\t\t\t\t<\/div>\n\t\t\t\t<\/div>\n\t\t<div class=\"elementor-element elementor-element-29bcb74 e-con-full e-flex e-con e-child\" data-id=\"29bcb74\" data-element_type=\"container\" data-e-type=\"container\">\n\t\t<div class=\"elementor-element elementor-element-232012b e-con-full e-flex e-con e-child\" data-id=\"232012b\" data-element_type=\"container\" data-e-type=\"container\">\n\t\t\t\t<div class=\"elementor-element elementor-element-b150bf8 elementor-widget elementor-widget-heading\" data-id=\"b150bf8\" data-element_type=\"widget\" data-e-type=\"widget\" data-widget_type=\"heading.default\">\n\t\t\t\t\t<h2 class=\"elementor-heading-title elementor-size-default\">Medisiner<\/h2>\t\t\t\t<\/div>\n\t\t\t\t<div class=\"elementor-element elementor-element-9c51ecf elementor-widget elementor-widget-text-editor\" data-id=\"9c51ecf\" data-element_type=\"widget\" data-e-type=\"widget\" data-widget_type=\"text-editor.default\">\n\t\t\t\t\t\t\t\t\t<p style=\"text-align: left;\"><span style=\"font-weight: 400;\">Medisiner for ADHD er sentralstimulerende og ikke-stimulerende midler. Sentralstimulerende midler er mest effektive og forbedrer oppmerksomhet og impulskontroll. Ikke-stimulerende midler brukes n\u00e5r sentralstimulerende midler ikke er egnet. Behandlingen b\u00f8r individualiseres og tas under medisinsk tilsyn.<\/span><\/p>\t\t\t\t\t\t\t\t<\/div>\n\t\t\t\t<\/div>\n\t\t<div class=\"elementor-element elementor-element-7c680ad e-con-full e-flex e-con e-child\" data-id=\"7c680ad\" data-element_type=\"container\" data-e-type=\"container\" data-settings=\"{&quot;background_background&quot;:&quot;classic&quot;}\">\n\t\t\t\t<\/div>\n\t\t\t\t<\/div>\n\t\t<div class=\"elementor-element elementor-element-d5f0b0e e-con-full e-flex e-con e-child\" data-id=\"d5f0b0e\" data-element_type=\"container\" data-e-type=\"container\">\n\t\t<div class=\"elementor-element elementor-element-637667f e-con-full e-flex e-con e-child\" data-id=\"637667f\" data-element_type=\"container\" data-e-type=\"container\">\n\t\t\t\t<div class=\"elementor-element elementor-element-26cfc2c elementor-widget elementor-widget-heading\" data-id=\"26cfc2c\" data-element_type=\"widget\" data-e-type=\"widget\" data-widget_type=\"heading.default\">\n\t\t\t\t\t<h2 class=\"elementor-heading-title elementor-size-default\">Forskning og nye behandlingsmetoder<\/h2>\t\t\t\t<\/div>\n\t\t\t\t<div class=\"elementor-element elementor-element-bc5f1de elementor-widget elementor-widget-text-editor\" data-id=\"bc5f1de\" data-element_type=\"widget\" data-e-type=\"widget\" data-widget_type=\"text-editor.default\">\n\t\t\t\t\t\t\t\t\t<p style=\"text-align: left;\">Nyere forskning p\u00e5 ADHD fokuserer p\u00e5 \u00e5 utvikle nye ikke-stimulerende medisiner som retter seg mot flere hjernekjemikalier. Fremskritt innen hjerneavbildning og kunstig intelligens forbedrer tidlig diagnose og personlige behandlingsplaner. Digitale terapier og nevrofeedback utforskes ogs\u00e5 som alternativer eller supplement til medisiner. Samlet sett legger moderne tiln\u00e6rminger vekt p\u00e5 individualisert behandling som kombinerer medisiner, atferdsterapi og teknologibaserte intervensjoner.<\/p>\t\t\t\t\t\t\t\t<\/div>\n\t\t\t\t<\/div>\n\t\t<div class=\"elementor-element elementor-element-f937ae4 e-con-full e-flex e-con e-child\" data-id=\"f937ae4\" data-element_type=\"container\" data-e-type=\"container\" data-settings=\"{&quot;background_background&quot;:&quot;classic&quot;}\">\n\t\t\t\t<\/div>\n\t\t\t\t<\/div>\n\t\t\t\t\t<\/div>\n\t\t\t\t<\/div>\n\t\t\t\t<\/div>\n\t\t","protected":false},"excerpt":{"rendered":"<p>ADHD for helsepersonell Hos psykiater.no utf\u00f8rer psykisk helsepersonell detaljerte vurderinger for diagnosen ADHD. Vurderingen starter med screeningintervjuet. Form\u00e5let med intervjuet er \u00e5 finne ut om en person har ADHD eller ikke. Hvis resultatet viser at utfordringene ikke skyldes ADHD, g\u00e5r v\u00e5re fagfolk videre med en annen strategi. Vurderingen inneb\u00e6rer \u00e5 skape et godt forhold til [&hellip;]<\/p>\n","protected":false},"author":1,"featured_media":0,"parent":0,"menu_order":0,"comment_status":"closed","ping_status":"closed","template":"elementor_header_footer","meta":{"footnotes":""},"class_list":["post-68","page","type-page","status-publish","hentry"],"yoast_head":"<!-- This site is optimized with the Yoast SEO Premium plugin v27.1 (Yoast SEO v27.4) - https:\/\/yoast.com\/product\/yoast-seo-premium-wordpress\/ -->\n<title>ADHD for helsepersonell: Strategier for \u00e5 \u00f8ke produktiviteten<\/title>\n<meta name=\"description\" content=\"\u00d8k fokus, h\u00e5ndter tiden effektivt og lykkes p\u00e5 jobb med praktiske ADHD strategier skreddersydd for travle profesjonelle som s\u00f8ker bedre produktivitet.\" \/>\n<meta name=\"robots\" content=\"noindex, follow, max-snippet:-1, max-image-preview:large, max-video-preview:-1\" \/>\n<meta property=\"og:locale\" content=\"nb_NO\" \/>\n<meta property=\"og:type\" content=\"article\" \/>\n<meta property=\"og:title\" content=\"Leger og helsepersonell\" \/>\n<meta property=\"og:description\" content=\"\u00d8k fokus, h\u00e5ndter tiden effektivt og lykkes p\u00e5 jobb med praktiske ADHD strategier skreddersydd for travle profesjonelle som s\u00f8ker bedre produktivitet.\" \/>\n<meta property=\"og:url\" content=\"https:\/\/psykiater.no\/adhd\/leger-og-helseprsonell\/\" \/>\n<meta property=\"og:site_name\" content=\"ADHD | Psykiater\" \/>\n<meta property=\"article:modified_time\" content=\"2026-04-17T10:07:18+00:00\" \/>\n<meta property=\"og:image\" content=\"https:\/\/sysinn.net\/adhdstaging\/wp-content\/uploads\/2026\/04\/ADHD-for-helsepersonell.webp\" \/>\n<meta name=\"twitter:card\" content=\"summary_large_image\" \/>\n<meta name=\"twitter:label1\" content=\"Ansl. lesetid\" \/>\n\t<meta name=\"twitter:data1\" content=\"2 minutter\" \/>\n<script type=\"application\/ld+json\" class=\"yoast-schema-graph\">{\"@context\":\"https:\\\/\\\/schema.org\",\"@graph\":[{\"@type\":\"WebPage\",\"@id\":\"https:\\\/\\\/psykiater.no\\\/adhd\\\/leger-og-helsepersonell\\\/\",\"url\":\"https:\\\/\\\/psykiater.no\\\/adhd\\\/leger-og-helseprsonell\\\/\",\"name\":\"ADHD for helsepersonell: Strategier for \u00e5 \u00f8ke produktiviteten\",\"isPartOf\":{\"@id\":\"https:\\\/\\\/psykiater.no\\\/adhd\\\/#website\"},\"primaryImageOfPage\":{\"@id\":\"https:\\\/\\\/psykiater.no\\\/adhd\\\/leger-og-helseprsonell\\\/#primaryimage\"},\"image\":{\"@id\":\"https:\\\/\\\/psykiater.no\\\/adhd\\\/leger-og-helseprsonell\\\/#primaryimage\"},\"thumbnailUrl\":\"https:\\\/\\\/sysinn.net\\\/adhdstaging\\\/wp-content\\\/uploads\\\/2026\\\/04\\\/ADHD-for-helsepersonell.webp\",\"datePublished\":\"2026-04-13T07:15:14+00:00\",\"dateModified\":\"2026-04-17T10:07:18+00:00\",\"description\":\"\u00d8k fokus, h\u00e5ndter tiden effektivt og lykkes p\u00e5 jobb med praktiske ADHD strategier skreddersydd for travle profesjonelle som s\u00f8ker bedre produktivitet.\",\"breadcrumb\":{\"@id\":\"https:\\\/\\\/psykiater.no\\\/adhd\\\/leger-og-helseprsonell\\\/#breadcrumb\"},\"inLanguage\":\"nb-NO\",\"potentialAction\":[{\"@type\":\"ReadAction\",\"target\":[\"https:\\\/\\\/psykiater.no\\\/adhd\\\/leger-og-helseprsonell\\\/\"]}]},{\"@type\":\"ImageObject\",\"inLanguage\":\"nb-NO\",\"@id\":\"https:\\\/\\\/psykiater.no\\\/adhd\\\/leger-og-helseprsonell\\\/#primaryimage\",\"url\":\"https:\\\/\\\/sysinn.net\\\/adhdstaging\\\/wp-content\\\/uploads\\\/2026\\\/04\\\/ADHD-for-helsepersonell.webp\",\"contentUrl\":\"https:\\\/\\\/sysinn.net\\\/adhdstaging\\\/wp-content\\\/uploads\\\/2026\\\/04\\\/ADHD-for-helsepersonell.webp\"},{\"@type\":\"BreadcrumbList\",\"@id\":\"https:\\\/\\\/psykiater.no\\\/adhd\\\/leger-og-helseprsonell\\\/#breadcrumb\",\"itemListElement\":[{\"@type\":\"ListItem\",\"position\":1,\"name\":\"Home\",\"item\":\"https:\\\/\\\/psykiater.no\\\/adhd\\\/\"},{\"@type\":\"ListItem\",\"position\":2,\"name\":\"ADHD for helsepersonell\"}]},{\"@type\":\"WebSite\",\"@id\":\"https:\\\/\\\/psykiater.no\\\/adhd\\\/#website\",\"url\":\"https:\\\/\\\/psykiater.no\\\/adhd\\\/\",\"name\":\"ADHD | Psykiater\",\"description\":\"\",\"publisher\":{\"@id\":\"https:\\\/\\\/psykiater.no\\\/adhd\\\/#organization\"},\"potentialAction\":[{\"@type\":\"SearchAction\",\"target\":{\"@type\":\"EntryPoint\",\"urlTemplate\":\"https:\\\/\\\/psykiater.no\\\/adhd\\\/?s={search_term_string}\"},\"query-input\":{\"@type\":\"PropertyValueSpecification\",\"valueRequired\":true,\"valueName\":\"search_term_string\"}}],\"inLanguage\":\"nb-NO\"},{\"@type\":\"Organization\",\"@id\":\"https:\\\/\\\/psykiater.no\\\/adhd\\\/#organization\",\"name\":\"ADHD | Psykiater\",\"url\":\"https:\\\/\\\/psykiater.no\\\/adhd\\\/\",\"logo\":{\"@type\":\"ImageObject\",\"inLanguage\":\"nb-NO\",\"@id\":\"https:\\\/\\\/psykiater.no\\\/adhd\\\/#\\\/schema\\\/logo\\\/image\\\/\",\"url\":\"https:\\\/\\\/psykiater.no\\\/adhd\\\/wp-content\\\/uploads\\\/2026\\\/04\\\/Site-logo-1.svg\",\"contentUrl\":\"https:\\\/\\\/psykiater.no\\\/adhd\\\/wp-content\\\/uploads\\\/2026\\\/04\\\/Site-logo-1.svg\",\"width\":336,\"height\":60,\"caption\":\"ADHD | Psykiater\"},\"image\":{\"@id\":\"https:\\\/\\\/psykiater.no\\\/adhd\\\/#\\\/schema\\\/logo\\\/image\\\/\"}}]}<\/script>\n<!-- \/ Yoast SEO Premium plugin. -->","yoast_head_json":{"title":"ADHD for helsepersonell: Strategier for \u00e5 \u00f8ke produktiviteten","description":"\u00d8k fokus, h\u00e5ndter tiden effektivt og lykkes p\u00e5 jobb med praktiske ADHD strategier skreddersydd for travle profesjonelle som s\u00f8ker bedre produktivitet.","robots":{"index":"noindex","follow":"follow","max-snippet":"max-snippet:-1","max-image-preview":"max-image-preview:large","max-video-preview":"max-video-preview:-1"},"og_locale":"nb_NO","og_type":"article","og_title":"Leger og helsepersonell","og_description":"\u00d8k fokus, h\u00e5ndter tiden effektivt og lykkes p\u00e5 jobb med praktiske ADHD strategier skreddersydd for travle profesjonelle som s\u00f8ker bedre produktivitet.","og_url":"https:\/\/psykiater.no\/adhd\/leger-og-helseprsonell\/","og_site_name":"ADHD | Psykiater","article_modified_time":"2026-04-17T10:07:18+00:00","og_image":[{"url":"https:\/\/sysinn.net\/adhdstaging\/wp-content\/uploads\/2026\/04\/ADHD-for-helsepersonell.webp","type":"","width":"","height":""}],"twitter_card":"summary_large_image","twitter_misc":{"Ansl. lesetid":"2 minutter"},"schema":{"@context":"https:\/\/schema.org","@graph":[{"@type":"WebPage","@id":"https:\/\/psykiater.no\/adhd\/leger-og-helsepersonell\/","url":"https:\/\/psykiater.no\/adhd\/leger-og-helseprsonell\/","name":"ADHD for helsepersonell: Strategier for \u00e5 \u00f8ke produktiviteten","isPartOf":{"@id":"https:\/\/psykiater.no\/adhd\/#website"},"primaryImageOfPage":{"@id":"https:\/\/psykiater.no\/adhd\/leger-og-helseprsonell\/#primaryimage"},"image":{"@id":"https:\/\/psykiater.no\/adhd\/leger-og-helseprsonell\/#primaryimage"},"thumbnailUrl":"https:\/\/sysinn.net\/adhdstaging\/wp-content\/uploads\/2026\/04\/ADHD-for-helsepersonell.webp","datePublished":"2026-04-13T07:15:14+00:00","dateModified":"2026-04-17T10:07:18+00:00","description":"\u00d8k fokus, h\u00e5ndter tiden effektivt og lykkes p\u00e5 jobb med praktiske ADHD strategier skreddersydd for travle profesjonelle som s\u00f8ker bedre produktivitet.","breadcrumb":{"@id":"https:\/\/psykiater.no\/adhd\/leger-og-helseprsonell\/#breadcrumb"},"inLanguage":"nb-NO","potentialAction":[{"@type":"ReadAction","target":["https:\/\/psykiater.no\/adhd\/leger-og-helseprsonell\/"]}]},{"@type":"ImageObject","inLanguage":"nb-NO","@id":"https:\/\/psykiater.no\/adhd\/leger-og-helseprsonell\/#primaryimage","url":"https:\/\/sysinn.net\/adhdstaging\/wp-content\/uploads\/2026\/04\/ADHD-for-helsepersonell.webp","contentUrl":"https:\/\/sysinn.net\/adhdstaging\/wp-content\/uploads\/2026\/04\/ADHD-for-helsepersonell.webp"},{"@type":"BreadcrumbList","@id":"https:\/\/psykiater.no\/adhd\/leger-og-helseprsonell\/#breadcrumb","itemListElement":[{"@type":"ListItem","position":1,"name":"Home","item":"https:\/\/psykiater.no\/adhd\/"},{"@type":"ListItem","position":2,"name":"ADHD for helsepersonell"}]},{"@type":"WebSite","@id":"https:\/\/psykiater.no\/adhd\/#website","url":"https:\/\/psykiater.no\/adhd\/","name":"ADHD | Psykiater","description":"","publisher":{"@id":"https:\/\/psykiater.no\/adhd\/#organization"},"potentialAction":[{"@type":"SearchAction","target":{"@type":"EntryPoint","urlTemplate":"https:\/\/psykiater.no\/adhd\/?s={search_term_string}"},"query-input":{"@type":"PropertyValueSpecification","valueRequired":true,"valueName":"search_term_string"}}],"inLanguage":"nb-NO"},{"@type":"Organization","@id":"https:\/\/psykiater.no\/adhd\/#organization","name":"ADHD | Psykiater","url":"https:\/\/psykiater.no\/adhd\/","logo":{"@type":"ImageObject","inLanguage":"nb-NO","@id":"https:\/\/psykiater.no\/adhd\/#\/schema\/logo\/image\/","url":"https:\/\/psykiater.no\/adhd\/wp-content\/uploads\/2026\/04\/Site-logo-1.svg","contentUrl":"https:\/\/psykiater.no\/adhd\/wp-content\/uploads\/2026\/04\/Site-logo-1.svg","width":336,"height":60,"caption":"ADHD | Psykiater"},"image":{"@id":"https:\/\/psykiater.no\/adhd\/#\/schema\/logo\/image\/"}}]}},"_links":{"self":[{"href":"https:\/\/psykiater.no\/adhd\/wp-json\/wp\/v2\/pages\/68","targetHints":{"allow":["GET"]}}],"collection":[{"href":"https:\/\/psykiater.no\/adhd\/wp-json\/wp\/v2\/pages"}],"about":[{"href":"https:\/\/psykiater.no\/adhd\/wp-json\/wp\/v2\/types\/page"}],"author":[{"embeddable":true,"href":"https:\/\/psykiater.no\/adhd\/wp-json\/wp\/v2\/users\/1"}],"replies":[{"embeddable":true,"href":"https:\/\/psykiater.no\/adhd\/wp-json\/wp\/v2\/comments?post=68"}],"version-history":[{"count":71,"href":"https:\/\/psykiater.no\/adhd\/wp-json\/wp\/v2\/pages\/68\/revisions"}],"predecessor-version":[{"id":157269,"href":"https:\/\/psykiater.no\/adhd\/wp-json\/wp\/v2\/pages\/68\/revisions\/157269"}],"wp:attachment":[{"href":"https:\/\/psykiater.no\/adhd\/wp-json\/wp\/v2\/media?parent=68"}],"curies":[{"name":"wp","href":"https:\/\/api.w.org\/{rel}","templated":true}]}}